{"id":365,"date":"2016-04-11T09:33:11","date_gmt":"2016-04-11T06:33:11","guid":{"rendered":"http:\/\/kaivuusaarinen.fi\/wpdemo\/sv\/?page_id=365"},"modified":"2016-06-21T09:43:28","modified_gmt":"2016-06-21T06:43:28","slug":"transporttjanster","status":"publish","type":"page","link":"https:\/\/kaivuusaarinen.fi\/sv\/transporttjanster\/","title":{"rendered":"Transporttj\u00e4nster"},"content":{"rendered":"<p>[et_pb_section admin_label=&#8221;Sektion&#8221; fullwidth=&#8221;off&#8221; specialty=&#8221;off&#8221; transparent_background=&#8221;off&#8221; background_color=&#8221;rgba(0,0,0,0.5)&#8221; allow_player_pause=&#8221;off&#8221; inner_shadow=&#8221;off&#8221; parallax=&#8221;off&#8221; parallax_method=&#8221;off&#8221; padding_mobile=&#8221;off&#8221; make_fullwidth=&#8221;off&#8221; use_custom_width=&#8221;off&#8221; width_unit=&#8221;on&#8221; make_equal=&#8221;off&#8221; use_custom_gutter=&#8221;off&#8221;][et_pb_row admin_label=&#8221;Rad&#8221; make_fullwidth=&#8221;on&#8221; use_custom_width=&#8221;on&#8221; width_unit=&#8221;on&#8221; use_custom_gutter=&#8221;off&#8221; padding_mobile=&#8221;off&#8221; allow_player_pause=&#8221;off&#8221; parallax=&#8221;off&#8221; parallax_method=&#8221;off&#8221; make_equal=&#8221;off&#8221; parallax_1=&#8221;off&#8221; parallax_method_1=&#8221;off&#8221; column_padding_mobile=&#8221;on&#8221;][et_pb_column type=&#8221;4_4&#8243;][et_pb_image admin_label=&#8221;Bild&#8221; src=&#8221;http:\/\/kaivuusaarinen.fi\/wp-content\/uploads\/kuljetuspalvelut.jpg&#8221; show_in_lightbox=&#8221;off&#8221; url_new_window=&#8221;off&#8221; use_overlay=&#8221;off&#8221; animation=&#8221;left&#8221; sticky=&#8221;off&#8221; align=&#8221;center&#8221; force_fullwidth=&#8221;off&#8221; always_center_on_mobile=&#8221;on&#8221; use_border_color=&#8221;on&#8221; border_color=&#8221;#ffffff&#8221; border_style=&#8221;solid&#8221; border_width=&#8221;10px&#8221; alt=&#8221;Transporttj\u00e4nster&#8221;] [\/et_pb_image][\/et_pb_column][\/et_pb_row][\/et_pb_section][et_pb_section admin_label=&#8221;section&#8221; transparent_background=&#8221;off&#8221; background_color=&#8221;#ffffff&#8221; allow_player_pause=&#8221;off&#8221; inner_shadow=&#8221;off&#8221; parallax=&#8221;off&#8221; parallax_method=&#8221;off&#8221; padding_mobile=&#8221;off&#8221; make_fullwidth=&#8221;off&#8221; use_custom_width=&#8221;off&#8221; width_unit=&#8221;on&#8221; make_equal=&#8221;off&#8221; use_custom_gutter=&#8221;off&#8221;][et_pb_row admin_label=&#8221;row&#8221;][et_pb_column type=&#8221;2_3&#8243;][et_pb_text admin_label=&#8221;Text&#8221; background_layout=&#8221;light&#8221; text_orientation=&#8221;left&#8221; use_border_color=&#8221;off&#8221; border_color=&#8221;#ffffff&#8221; border_style=&#8221;solid&#8221;]<\/p>\n<h1>Tranporttj\u00e4nster<\/h1>\n<p>V\u00e5ra omfattande transporttj\u00e4nster utf\u00f6r vi med hj\u00e4lp av moderna och milj\u00f6v\u00e4nliga fordon i \u00c5boland samt i sk\u00e4rg\u00e5rdssregionen.<br \/>\nVi levererar s\u00e5v\u00e4l jordmaterial samt l\u00f6sflak (ex. f\u00f6r byggavfall) till byggplatser och g\u00e5rdar. V\u00e5ra transporttj\u00e4nster l\u00e4mpar sig b\u00e5de f\u00f6r\u00a0\u00a0f\u00f6retag och privatpersoner.<\/p>\n<p>Jordmaterial som sepel, kross och grus levererar vi enligt kundens \u00f6nskem\u00e5l med kassettbil eller med traktor + sl\u00e4pvagn.<br \/>\nVia\u00a0oss f\u00e5r du \u00e4ven sand och mylla f\u00f6r s\u00e5v\u00e4l gr\u00e4smatta som f\u00f6r\u00a0markfyllnad.<\/p>\n<h2>Jordmaterial<\/h2>\n<p>Vi leverarar allt beh\u00f6vligt jordmaterial f\u00f6r g\u00e5rdsplaner och byggplatser.<\/p>\n<ul>\n<li>Grus<\/li>\n<li>Sepel (r\u00f6tt, svart, gr\u00e5tt)<\/li>\n<li>Bergskross \/ Kross<\/li>\n<li>Sand<\/li>\n<li>Mylla<\/li>\n<li>T\u00e4ckningsflis<\/li>\n<li>Naturstenar m.m.<\/li>\n<\/ul>\n<h3>Brunnst\u00f6mning<\/h3>\n<ul>\n<li>T\u00f6mning av smutsbrunnar<\/li>\n<li>Septiktankar<\/li>\n<li>Sedimenteringsbrunnar<\/li>\n<li>Best\u00e4ll samt\u00f6mning med dina grannarna och spara pengar!<\/li>\n<\/ul>\n<h3>L\u00f6sflak (roskflak)<\/h3>\n<ul>\n<li>F\u00f6r g\u00e5rdstalkon<\/li>\n<li>Till byggplatser<\/li>\n<li>F\u00f6r rivningsarbeten<\/li>\n<\/ul>\n<p><a href=\"https:\/\/kaivuusaarinen.fi\/sv\/ta-kontakt\/\">Ta kontakt<\/a> s\u00e5 ber\u00e4ttar vi mer!<\/p>\n<p>[\/et_pb_text][\/et_pb_column][et_pb_column type=&#8221;1_3&#8243;][et_pb_gallery admin_label=&#8221;Galleri&#8221; gallery_ids=&#8221;440,923,892&#8243; fullwidth=&#8221;off&#8221; show_title_and_caption=&#8221;off&#8221; show_pagination=&#8221;off&#8221; background_layout=&#8221;light&#8221; auto=&#8221;off&#8221; hover_overlay_color=&#8221;rgba(255,255,255,0.9)&#8221; caption_all_caps=&#8221;off&#8221; use_border_color=&#8221;off&#8221; border_color=&#8221;#555555&#8243; border_style=&#8221;solid&#8221; posts_number=&#8221;3&#8243; border_width=&#8221;0px&#8221;] [\/et_pb_gallery][\/et_pb_column][\/et_pb_row][\/et_pb_section]<\/p>\n","protected":false},"excerpt":{"rendered":"<p>Tranporttj\u00e4nster V\u00e5ra omfattande transporttj\u00e4nster utf\u00f6r vi med hj\u00e4lp av moderna och milj\u00f6v\u00e4nliga fordon i \u00c5boland samt i sk\u00e4rg\u00e5rdssregionen. Vi levererar s\u00e5v\u00e4l jordmaterial samt l\u00f6sflak (ex. f\u00f6r byggavfall) till byggplatser och g\u00e5rdar. V\u00e5ra transporttj\u00e4nster l\u00e4mpar sig b\u00e5de f\u00f6r\u00a0\u00a0f\u00f6retag och privatpersoner. Jordmaterial som sepel, kross och grus levererar vi enligt kundens \u00f6nskem\u00e5l med kassettbil eller med traktor [&hellip;]<\/p>\n","protected":false},"author":1,"featured_media":0,"parent":0,"menu_order":2,"comment_status":"closed","ping_status":"closed","template":"","meta":{"_et_pb_use_builder":"on","_et_pb_old_content":"<h2>Vaihtolavat<\/h2><h2>Lokapalvelut<\/h2>","_et_gb_content_width":"","footnotes":""},"class_list":["post-365","page","type-page","status-publish","hentry"],"_links":{"self":[{"href":"https:\/\/kaivuusaarinen.fi\/sv\/wp-json\/wp\/v2\/pages\/365","targetHints":{"allow":["GET"]}}],"collection":[{"href":"https:\/\/kaivuusaarinen.fi\/sv\/wp-json\/wp\/v2\/pages"}],"about":[{"href":"https:\/\/kaivuusaarinen.fi\/sv\/wp-json\/wp\/v2\/types\/page"}],"author":[{"embeddable":true,"href":"https:\/\/kaivuusaarinen.fi\/sv\/wp-json\/wp\/v2\/users\/1"}],"replies":[{"embeddable":true,"href":"https:\/\/kaivuusaarinen.fi\/sv\/wp-json\/wp\/v2\/comments?post=365"}],"version-history":[{"count":0,"href":"https:\/\/kaivuusaarinen.fi\/sv\/wp-json\/wp\/v2\/pages\/365\/revisions"}],"wp:attachment":[{"href":"https:\/\/kaivuusaarinen.fi\/sv\/wp-json\/wp\/v2\/media?parent=365"}],"curies":[{"name":"wp","href":"https:\/\/api.w.org\/{rel}","templated":true}]}}